{"id":8443,"date":"2021-12-15T11:40:03","date_gmt":"2021-12-15T11:40:03","guid":{"rendered":"https:\/\/isabelroviralta.com\/?page_id=8443"},"modified":"2021-12-17T13:15:57","modified_gmt":"2021-12-17T13:15:57","slug":"info-legal","status":"publish","type":"page","link":"https:\/\/isabelroviralta.com\/ca\/info-legal","title":{"rendered":"Info Legal"},"content":{"rendered":"\n<p>INFORMACI\u00d3N RELATIVA AL TITULAR DEL SITIO WEB<br>Isabel Roviralta Esteve cuyo domicilio social se encuentra en Carles Riba 20-24 B 3\u00b04\u00b008173 Sant Cugat y cuyo CIF es 46131165L es la titular del dominio y RESPONSABLE de www.isabelroviralta.com.<br>La direcci\u00f3n de correo electr\u00f3nico de contacto es la siguiente:<br>roviralta@arquitecturainteriores.e.telefonica.net<\/p>\n\n\n\n<p>CONDICIONES GENERALES DE USO.<br>Las presentes condiciones generales tienen por finalidad la regulaci\u00f3n e informaci\u00f3n a los usuarios en relaci\u00f3n al uso de la web www.isabelroviralta.com<br>La navegaci\u00f3n y la utilizaci\u00f3n de los servicios de dicha web suponen la aceptaci\u00f3n como usuario y sin reservas de ning\u00fan tipo, de todas las condiciones generales de uso. Por ello, recomendamos a todos los usuarios del portal que, con car\u00e1cter previo al inicio de la navegaci\u00f3n en el mismo, lean las presentes condiciones.<br>www.isabelroviralta.com podr\u00e1 en todo momento y sin previo aviso, modificar las presentes condiciones generales mediante la publicaci\u00f3n de las mismas en la web a fin de que sean conocidas con car\u00e1cter previo por los usuarios.<\/p>\n\n\n\n<p>DERECHOS DE PROPIEDAD INTELECTUAL E INDUSTRIAL<br>El sitio web, incluyendo a t\u00edtulo enunciativo pero no limitativo su programaci\u00f3n, edici\u00f3n, compilaci\u00f3n y dem\u00e1s elementos necesarios para su funcionamiento, los dise\u00f1os, marcas, logotipos, texto y\/o gr\u00e1ficos, im\u00e1genes y fotograf\u00edas, videos y contenidos en general, son propiedad del RESPONSABLE o, si es el caso, dispone de licencia o autorizaci\u00f3n expresa por parte de los autores. Todos los contenidos del sitio web se encuentran debidamente protegidos por la normativa de propiedad intelectual e industrial, as\u00ed como inscritos en los registros p\u00fablicos correspondientes.<br>Independientemente de la finalidad para la que fueran destinados, la reproducci\u00f3n total o parcial, uso, explotaci\u00f3n, distribuci\u00f3n y comercializaci\u00f3n, requiere en todo caso de la autorizaci\u00f3n escrita previa por parte del RESPONSABLE. Cualquier uso no autorizado previamente se considera un incumplimiento grave de los derechos de propiedad intelectual o industrial del autor.<br>Los dise\u00f1os, logotipos, texto, im\u00e1genes, videos, marcas y\/o gr\u00e1ficos ajenos al RESPONSABLE y que pudieran aparecer en el sitio web, pertenecen a sus respectivos propietarios, siendo ellos mismos responsables de cualquier posible controversia que pudiera suscitarse respecto a los mismos. El RESPONSABLE autoriza expresamente a que terceros puedan redirigir directamente a los contenidos concretos del sitio web, y en todo caso redirigir al sitio web principal de www.isabelroviralta.com<br>El RESPONSABLE reconoce a favor de sus titulares los correspondientes derechos de propiedad intelectual e industrial, no implicando su sola menci\u00f3n o aparici\u00f3n en el sitio web la existencia de derechos o responsabilidad alguna sobre los mismos, como tampoco respaldo, patrocinio o recomendaci\u00f3n por parte del mismo.<br>Para realizar cualquier tipo de observaci\u00f3n respecto a posibles incumplimientos de los derechos de propiedad intelectual o industrial, as\u00ed como sobre cualquiera de los contenidos del sitio web, puede hacerlo a trav\u00e9s de los correos electr\u00f3nicos XXXXXXX<\/p>\n\n\n\n<p>EXENCI\u00d3N DE RESPONSABILIDADES<br>El RESPONSABLE se exime de cualquier tipo de responsabilidad derivada de la informaci\u00f3n publicada en su sitio web siempre que esta informaci\u00f3n haya sido manipulada o introducida por un tercero ajeno al mismo.<\/p>\n\n\n\n<p>POL\u00cdTICA DE ENLACES<br>Desde el sitio web, es posible que se redirija a contenidos de terceros sitios web. Dado que el RESPONSABLE no puede controlar siempre los contenidos introducidos por los terceros en sus respectivos sitios web, no asume ning\u00fan tipo de responsabilidad respecto a dichos contenidos. En todo caso, proceder\u00e1 a la retirada inmediata de cualquier contenido que pudiera contravenir la legislaci\u00f3n nacional o internacional, la moral o el orden p\u00fablico, procediendo a la retirada inmediata de la redirecci\u00f3n a dicho sitio web, poniendo en conocimiento de las autoridades competentes el contenido en cuesti\u00f3n.<br>El RESPONSABLE no se hace responsable de la informaci\u00f3n y contenidos almacenados, a t\u00edtulo enunciativo pero no limitativo, en formularios, foros, chats, generadores de blogs, comentarios, redes sociales o cualquier otro medio que permita a terceros publicar contenidos de forma independiente en la p\u00e1gina web del RESPONSABLE. Sin embargo, y en cumplimiento de lo dispuesto en los art\u00edculos 11 y 16 de la LSSICE, se pone a disposici\u00f3n de todos los usuarios, autoridades y fuerzas de seguridad, colaborando de forma activa en la retirada o, en su caso, bloqueo de todos aquellos contenidos que puedan afectar o contravenir la legislaci\u00f3n nacional o internacional, los derechos de terceros o la moral y el orden p\u00fablico. En caso de que el usuario considere que existe en el sitio web alg\u00fan contenido que pudiera ser susceptible de esta clasificaci\u00f3n, se ruega lo notifique de forma inmediata al administrador del sitio web.<br>Este sitio web ha sido revisado y probado para que funcione correctamente. En principio, puede garantizarse el correcto funcionamiento los 365 d\u00edas del a\u00f1o, 24 horas al d\u00eda. Sin embargo, el RESPONSABLE no descarta la posibilidad de que existan ciertos errores de programaci\u00f3n, o que acontezcan causas de fuerza mayor, cat\u00e1strofes naturales, huelgas o circunstancias semejantes que hagan imposible el acceso a la p\u00e1gina web.<\/p>\n\n\n\n<p>5.\u2013 DIRECCIONES IP Y ANAL\u00cdTICAS<br>Los servidores del sitio web podr\u00e1n detectar de manera autom\u00e1tica la direcci\u00f3n IP y el nombre de dominio utilizados por el usuario. Una direcci\u00f3n IP es un n\u00famero asignado autom\u00e1ticamente a un ordenador cuando \u00e9ste se conecta a Internet. Toda esta informaci\u00f3n es registrada en nuestro registro de actividades de tratamiento que permite el posterior tratamiento de los datos con el fin de obtener mediciones \u00fanicamente estad\u00edsticas que permitan conocer el n\u00famero de impresiones de p\u00e1ginas, el n\u00famero de visitas realizadas a los servidores web, el orden de visitas, el punto de acceso, etc. Para m\u00e1s informaci\u00f3n puede consultar nuestra pol\u00edtica de privacidad y de cookies.<\/p>\n\n\n\n<p>LEY APLICABLE Y JURISDICCI\u00d3N<br>Para la resoluci\u00f3n de todas las controversias o cuestiones relacionadas con el presente sitio web o de las actividades en \u00e9l desarrolladas, ser\u00e1 de aplicaci\u00f3n la legislaci\u00f3n espa\u00f1ola, a la que se someten expresamente las partes, siendo competentes para la resoluci\u00f3n de todos los conflictos derivados o relacionados con su uso los Juzgados y Tribunales que sean competentes en todo momento seg\u00fan la legislaci\u00f3n aplicable al caso. Para aquellos asuntos en los que las partes puedan elegir libremente el foro, se someter\u00e1n a los Juzgados y Tribunales de Barcelona.<br>Actualizado en enero de 2021.<\/p>\n","protected":false},"excerpt":{"rendered":"<p>INFORMACI\u00d3N RELATIVA AL TITULAR DEL SITIO WEBIsabel Roviralta Esteve cuyo domicilio social se encuentra en Carles Riba 20-24 B 3\u00b04\u00b008173 Sant Cugat y cuyo CIF es 46131165L es la titular del dominio y RESPONSABLE de www.isabelroviralta.com.La direcci\u00f3n de correo electr\u00f3nico de contacto es la siguiente:roviralta@arquitecturainteriores.e.telefonica.net CONDICIONES GENERALES DE USO.Las presentes condiciones generales tienen por finalidad [&hellip;]<\/p>\n","protected":false},"author":1,"featured_media":0,"parent":0,"menu_order":0,"comment_status":"closed","ping_status":"closed","template":"","meta":{"footnotes":""},"class_list":["post-8443","page","type-page","status-publish","hentry"],"_links":{"self":[{"href":"https:\/\/isabelroviralta.com\/ca\/wp-json\/wp\/v2\/pages\/8443","targetHints":{"allow":["GET"]}}],"collection":[{"href":"https:\/\/isabelroviralta.com\/ca\/wp-json\/wp\/v2\/pages"}],"about":[{"href":"https:\/\/isabelroviralta.com\/ca\/wp-json\/wp\/v2\/types\/page"}],"author":[{"embeddable":true,"href":"https:\/\/isabelroviralta.com\/ca\/wp-json\/wp\/v2\/users\/1"}],"replies":[{"embeddable":true,"href":"https:\/\/isabelroviralta.com\/ca\/wp-json\/wp\/v2\/comments?post=8443"}],"version-history":[{"count":2,"href":"https:\/\/isabelroviralta.com\/ca\/wp-json\/wp\/v2\/pages\/8443\/revisions"}],"predecessor-version":[{"id":8596,"href":"https:\/\/isabelroviralta.com\/ca\/wp-json\/wp\/v2\/pages\/8443\/revisions\/8596"}],"wp:attachment":[{"href":"https:\/\/isabelroviralta.com\/ca\/wp-json\/wp\/v2\/media?parent=8443"}],"curies":[{"name":"wp","href":"https:\/\/api.w.org\/{rel}","templated":true}]}}