{"id":8292,"date":"2021-11-09T09:33:51","date_gmt":"2021-11-09T09:33:51","guid":{"rendered":"https:\/\/isabelroviralta.com\/?page_id=8292"},"modified":"2021-12-17T10:25:28","modified_gmt":"2021-12-17T10:25:28","slug":"isabel-roviralta","status":"publish","type":"page","link":"https:\/\/isabelroviralta.com\/ca\/isabel-roviralta","title":{"rendered":"Isabel Roviralta"},"content":{"rendered":"\t\t<div data-elementor-type=\"wp-page\" data-elementor-id=\"8292\" class=\"elementor elementor-8292\">\n\t\t\t\t\t\t<div class=\"elementor-inner\">\n\t\t\t\t<div class=\"elementor-section-wrap\">\n\t\t\t\t\t\t\t\t\t<section class=\"elementor-section elementor-top-section elementor-element elementor-element-e6b7fe1 elementor-section-full_width elementor-section-content-middle elementor-section-height-default elementor-section-height-default qodef-elementor-content-no\" data-id=\"e6b7fe1\" data-element_type=\"section\" data-settings=\"{&quot;background_background&quot;:&quot;classic&quot;}\">\n\t\t\t\t\t\t\t<div class=\"elementor-background-overlay\"><\/div>\n\t\t\t\t\t\t\t<div class=\"elementor-container elementor-column-gap-default\">\n\t\t\t\t\t\t\t<div class=\"elementor-row\">\n\t\t\t\t\t<div class=\"elementor-column elementor-col-50 elementor-top-column elementor-element elementor-element-9708c8f elementor-invisible\" data-id=\"9708c8f\" data-element_type=\"column\" data-settings=\"{&quot;animation&quot;:&quot;slideInLeft&quot;,&quot;background_background&quot;:&quot;classic&quot;}\">\n\t\t\t<div class=\"elementor-column-wrap elementor-element-populated\">\n\t\t\t\t\t<div class=\"elementor-background-overlay\"><\/div>\n\t\t\t\t\t\t\t<div class=\"elementor-widget-wrap\">\n\t\t\t\t\t\t<div class=\"elementor-element elementor-element-e338652 elementor-widget-tablet__width-inherit elementor-widget__width-inherit elementor-widget-mobile__width-inherit elementor-widget elementor-widget-emaurri_core_single_image\" data-id=\"e338652\" data-element_type=\"widget\" data-widget_type=\"emaurri_core_single_image.default\">\n\t\t\t\t<div class=\"elementor-widget-container\">\n\t\t\t<div class=\"qodef-shortcode qodef-m  qodef-single-image qodef-layout--default \">\n\t<div class=\"qodef-m-image\">\n\t\t\t<img decoding=\"async\" width=\"603\" height=\"800\" src=\"https:\/\/isabelroviralta.com\/wp-content\/uploads\/2021\/12\/IR.jpg\" class=\"attachment-full size-full\" alt=\"\" srcset=\"https:\/\/isabelroviralta.com\/wp-content\/uploads\/2021\/12\/IR.jpg 603w, https:\/\/isabelroviralta.com\/wp-content\/uploads\/2021\/12\/IR-226x300.jpg 226w\" sizes=\"(max-width: 603px) 100vw, 603px\" \/>\t<\/div>\n<\/div>\n\t\t<\/div>\n\t\t\t\t<\/div>\n\t\t\t\t\t\t<\/div>\n\t\t\t\t\t<\/div>\n\t\t<\/div>\n\t\t\t\t<div class=\"elementor-column elementor-col-50 elementor-top-column elementor-element elementor-element-ae67c5b\" data-id=\"ae67c5b\" data-element_type=\"column\" data-settings=\"{&quot;background_background&quot;:&quot;classic&quot;}\">\n\t\t\t<div class=\"elementor-column-wrap elementor-element-populated\">\n\t\t\t\t\t\t\t<div class=\"elementor-widget-wrap\">\n\t\t\t\t\t\t<div class=\"elementor-element elementor-element-18d082a elementor-widget__width-auto elementor-widget-tablet__width-initial elementor-widget-mobile__width-inherit elementor-widget elementor-widget-emaurri_core_section_title\" data-id=\"18d082a\" data-element_type=\"widget\" data-widget_type=\"emaurri_core_section_title.default\">\n\t\t\t\t<div class=\"elementor-widget-container\">\n\t\t\t<div class=\"qodef-shortcode qodef-m  qodef-section-title qodef-alignment--left \">\n\t\t\t<h2 class=\"qodef-m-title\" >\n\t\t\t\t\tIsabel Roviralta\t\t\t<\/h2>\n\t<\/div>\n\t\t<\/div>\n\t\t\t\t<\/div>\n\t\t\t\t<div class=\"elementor-element elementor-element-8173ca6 elementor-widget elementor-widget-text-editor\" data-id=\"8173ca6\" data-element_type=\"widget\" data-widget_type=\"text-editor.default\">\n\t\t\t\t<div class=\"elementor-widget-container\">\n\t\t\t\t\t\t\t\t<div class=\"elementor-text-editor elementor-clearfix\">\n\t\t\t\t<p>Vaig cursar estudis d&#8217;interiorisme en IADE BARCELONA i MADRID i un postgrau d&#8217;arquitectura d&#8217;interiors en IDI (INTERIOR DISIGN INSTITUTE) a Mil\u00e0.<br \/>A partir d&#8217;aqu\u00ed, vaig treballar en diferents estudis d&#8217;interiorisme a Barcelona,fins a l&#8217;any 2000 que vaig decidir emprendre el meu treball per compte propi.<br \/>Des de llavors, continuo treballant i il\u00b7lusionant-me amb cada projecte, intentant transmetre a trav\u00e9s d&#8217;ells, emoci\u00f3 i singularitat .<br \/>Espais amb funcionalitats i est\u00e8tiques diferents, ja que cadascun \u00e9s \u00fanic i ha de respondre a les necessitats i a la personalitat de cada propietari.<\/p>\t\t\t\t\t<\/div>\n\t\t\t\t\t\t<\/div>\n\t\t\t\t<\/div>\n\t\t\t\t\t\t<\/div>\n\t\t\t\t\t<\/div>\n\t\t<\/div>\n\t\t\t\t\t\t\t\t<\/div>\n\t\t\t\t\t<\/div>\n\t\t<\/section>\n\t\t\t\t\t\t\t\t\t<\/div>\n\t\t\t<\/div>\n\t\t\t\t\t<\/div>\n\t\t","protected":false},"excerpt":{"rendered":"<p>Isabel Roviralta Vaig cursar estudis d&#8217;interiorisme en IADE BARCELONA i MADRID i un postgrau d&#8217;arquitectura d&#8217;interiors en IDI (INTERIOR DISIGN INSTITUTE) a Mil\u00e0.A partir d&#8217;aqu\u00ed, vaig treballar en diferents estudis d&#8217;interiorisme a Barcelona,fins a l&#8217;any 2000 que vaig decidir emprendre el meu treball per compte propi.Des de llavors, continuo treballant i il\u00b7lusionant-me amb cada projecte, [&hellip;]<\/p>\n","protected":false},"author":1,"featured_media":0,"parent":0,"menu_order":0,"comment_status":"closed","ping_status":"closed","template":"page-full-width.php","meta":{"footnotes":""},"class_list":["post-8292","page","type-page","status-publish","hentry"],"_links":{"self":[{"href":"https:\/\/isabelroviralta.com\/ca\/wp-json\/wp\/v2\/pages\/8292","targetHints":{"allow":["GET"]}}],"collection":[{"href":"https:\/\/isabelroviralta.com\/ca\/wp-json\/wp\/v2\/pages"}],"about":[{"href":"https:\/\/isabelroviralta.com\/ca\/wp-json\/wp\/v2\/types\/page"}],"author":[{"embeddable":true,"href":"https:\/\/isabelroviralta.com\/ca\/wp-json\/wp\/v2\/users\/1"}],"replies":[{"embeddable":true,"href":"https:\/\/isabelroviralta.com\/ca\/wp-json\/wp\/v2\/comments?post=8292"}],"version-history":[{"count":26,"href":"https:\/\/isabelroviralta.com\/ca\/wp-json\/wp\/v2\/pages\/8292\/revisions"}],"predecessor-version":[{"id":8579,"href":"https:\/\/isabelroviralta.com\/ca\/wp-json\/wp\/v2\/pages\/8292\/revisions\/8579"}],"wp:attachment":[{"href":"https:\/\/isabelroviralta.com\/ca\/wp-json\/wp\/v2\/media?parent=8292"}],"curies":[{"name":"wp","href":"https:\/\/api.w.org\/{rel}","templated":true}]}}