{"id":4358,"date":"2021-01-14T08:36:53","date_gmt":"2021-01-14T08:36:53","guid":{"rendered":"https:\/\/emaurri.qodeinteractive.com\/?page_id=4358"},"modified":"2022-03-02T17:17:47","modified_gmt":"2022-03-02T17:17:47","slug":"projectes","status":"publish","type":"page","link":"https:\/\/isabelroviralta.com\/ca\/projectes","title":{"rendered":"Projectes"},"content":{"rendered":"\t\t<div data-elementor-type=\"wp-page\" data-elementor-id=\"4358\" class=\"elementor elementor-4358\">\n\t\t\t\t\t\t<div class=\"elementor-inner\">\n\t\t\t\t<div class=\"elementor-section-wrap\">\n\t\t\t\t\t\t\t\t\t<section class=\"elementor-section elementor-top-section elementor-element elementor-element-5004654 elementor-section-full_width qodef-elementor-content-grid elementor-section-height-default elementor-section-height-default\" data-id=\"5004654\" data-element_type=\"section\">\n\t\t\t\t\t\t<div class=\"elementor-container elementor-column-gap-default\">\n\t\t\t\t\t\t\t<div class=\"elementor-row\">\n\t\t\t\t\t<div class=\"elementor-column elementor-col-100 elementor-top-column elementor-element elementor-element-31e0127\" data-id=\"31e0127\" data-element_type=\"column\">\n\t\t\t<div class=\"elementor-column-wrap elementor-element-populated\">\n\t\t\t\t\t\t\t<div class=\"elementor-widget-wrap\">\n\t\t\t\t\t\t<div class=\"elementor-element elementor-element-8016803 elementor-widget elementor-widget-emaurri_core_portfolio_list\" data-id=\"8016803\" data-element_type=\"widget\" data-widget_type=\"emaurri_core_portfolio_list.default\">\n\t\t\t\t<div class=\"elementor-widget-container\">\n\t\t\t<div class=\"qodef-shortcode qodef-m  qodef-portfolio-list qodef-item-layout--slider-full qodef-skin--light  qodef-grid qodef-swiper-container  qodef-gutter--normal qodef-col-num--1 qodef-item-layout--slider-full qodef--no-bottom-space qodef-pagination--off qodef-responsive--custom qodef-col-num--1440--1 qodef-col-num--1366--1 qodef-col-num--1024--1 qodef-col-num--768--1 qodef-col-num--680--1 qodef-col-num--480--1\"  data-options=\"{&quot;slidesPerView&quot;:&quot;1&quot;,&quot;spaceBetween&quot;:30,&quot;loop&quot;:true,&quot;autoplay&quot;:false,&quot;speed&quot;:&quot;&quot;,&quot;speedAnimation&quot;:&quot;&quot;,&quot;effect&quot;:&quot;&quot;,&quot;slideAnimation&quot;:&quot;&quot;,&quot;customStages&quot;:true,&quot;slidesPerView1440&quot;:&quot;1&quot;,&quot;slidesPerView1366&quot;:&quot;1&quot;,&quot;slidesPerView1024&quot;:&quot;1&quot;,&quot;slidesPerView768&quot;:&quot;1&quot;,&quot;slidesPerView680&quot;:&quot;1&quot;,&quot;slidesPerView480&quot;:&quot;1&quot;}\">\n\t<div class=\"swiper-wrapper\">\n\t\t<article class=\"qodef-e swiper-slide qodef-item--full post-8638 portfolio-item type-portfolio-item status-publish has-post-thumbnail hentry portfolio-tag-projectes\">\n\t<div class=\"qodef-e-inner\">\n\t\t<div class=\"qodef-e-content\">\n\t\t\t<div class=\"qodef-e-content-inner\">\n\t\t\t\t<div class=\"qodef-e-info-top\">\n\t\t\t\t\t\t\t\t\t\t<div class=\"qodef-e-info-author\">\n\tby \tAdmin-iroviralta<\/div>\n\t\t\t\t<\/div>\n\t\t\t\t<h1 itemprop=\"name\" class=\"qodef-e-title entry-title\" style=\"text-transform: none\">\n\t<a itemprop=\"url\" class=\"qodef-e-title-link\" href=\"https:\/\/isabelroviralta.com\/ca\/portfolio-item\/casco-antiguo-barcelona\">\n\t\tCasc antic Barcelona\t<\/a>\n<\/h1>\n\t\t\t<\/div>\n\t\t<\/div>\n\t\t\t<div class=\"qodef-e-media-image\">\n\t\t<a itemprop=\"url\" href=\"https:\/\/isabelroviralta.com\/ca\/portfolio-item\/casco-antiguo-barcelona\">\n\t\t\t<div class=\"qodef-e-media-background\" style=\"background-image: url(https:\/\/isabelroviralta.com\/wp-content\/uploads\/2022\/03\/1-1.jpg)\"><\/div>\n\t\t<\/a>\n\t<\/div>\n\t<\/div>\n<\/article>\n<article class=\"qodef-e swiper-slide qodef-item--full post-8235 portfolio-item type-portfolio-item status-publish has-post-thumbnail hentry portfolio-tag-projectes\">\n\t<div class=\"qodef-e-inner\">\n\t\t<div class=\"qodef-e-content\">\n\t\t\t<div class=\"qodef-e-content-inner\">\n\t\t\t\t<div class=\"qodef-e-info-top\">\n\t\t\t\t\t\t\t\t\t\t<div class=\"qodef-e-info-author\">\n\tby \tAdmin-iroviralta<\/div>\n\t\t\t\t<\/div>\n\t\t\t\t<h1 itemprop=\"name\" class=\"qodef-e-title entry-title\" style=\"text-transform: none\">\n\t<a itemprop=\"url\" class=\"qodef-e-title-link\" href=\"https:\/\/isabelroviralta.com\/ca\/portfolio-item\/rehabilitacio-de-masia\">\n\t\tRehabilitaci\u00f3 de masia\t<\/a>\n<\/h1>\n\t\t\t<\/div>\n\t\t<\/div>\n\t\t\t<div class=\"qodef-e-media-image\">\n\t\t<a itemprop=\"url\" href=\"https:\/\/isabelroviralta.com\/ca\/portfolio-item\/rehabilitacio-de-masia\">\n\t\t\t<div class=\"qodef-e-media-background\" style=\"background-image: url(https:\/\/isabelroviralta.com\/wp-content\/uploads\/2021\/11\/begur_display.jpg)\"><\/div>\n\t\t<\/a>\n\t<\/div>\n\t<\/div>\n<\/article>\n<article class=\"qodef-e swiper-slide qodef-item--full post-8234 portfolio-item type-portfolio-item status-publish has-post-thumbnail hentry portfolio-tag-projectes\">\n\t<div class=\"qodef-e-inner\">\n\t\t<div class=\"qodef-e-content\">\n\t\t\t<div class=\"qodef-e-content-inner\">\n\t\t\t\t<div class=\"qodef-e-info-top\">\n\t\t\t\t\t\t\t\t\t\t<div class=\"qodef-e-info-author\">\n\tby \tAdmin-iroviralta<\/div>\n\t\t\t\t<\/div>\n\t\t\t\t<h1 itemprop=\"name\" class=\"qodef-e-title entry-title\" style=\"text-transform: none\">\n\t<a itemprop=\"url\" class=\"qodef-e-title-link\" href=\"https:\/\/isabelroviralta.com\/ca\/portfolio-item\/casa-de-pescadors-centenaria\">\n\t\tCasa de pescadors centen\u00e0ria\t<\/a>\n<\/h1>\n\t\t\t<\/div>\n\t\t<\/div>\n\t\t\t<div class=\"qodef-e-media-image\">\n\t\t<a itemprop=\"url\" href=\"https:\/\/isabelroviralta.com\/ca\/portfolio-item\/casa-de-pescadors-centenaria\">\n\t\t\t<div class=\"qodef-e-media-background\" style=\"background-image: url(https:\/\/isabelroviralta.com\/wp-content\/uploads\/2021\/11\/satuna_display.jpg)\"><\/div>\n\t\t<\/a>\n\t<\/div>\n\t<\/div>\n<\/article>\n<article class=\"qodef-e swiper-slide qodef-item--full post-8168 portfolio-item type-portfolio-item status-publish has-post-thumbnail hentry portfolio-tag-projectes\">\n\t<div class=\"qodef-e-inner\">\n\t\t<div class=\"qodef-e-content\">\n\t\t\t<div class=\"qodef-e-content-inner\">\n\t\t\t\t<div class=\"qodef-e-info-top\">\n\t\t\t\t\t\t\t\t\t\t<div class=\"qodef-e-info-author\">\n\tby \tAdmin-iroviralta<\/div>\n\t\t\t\t<\/div>\n\t\t\t\t<h1 itemprop=\"name\" class=\"qodef-e-title entry-title\" style=\"text-transform: none\">\n\t<a itemprop=\"url\" class=\"qodef-e-title-link\" href=\"https:\/\/isabelroviralta.com\/ca\/portfolio-item\/sabadell\">\n\t\tLoft urb\u00e0\t<\/a>\n<\/h1>\n\t\t\t<\/div>\n\t\t<\/div>\n\t\t\t<div class=\"qodef-e-media-image\">\n\t\t<a itemprop=\"url\" href=\"https:\/\/isabelroviralta.com\/ca\/portfolio-item\/sabadell\">\n\t\t\t<div class=\"qodef-e-media-background\" style=\"background-image: url(https:\/\/isabelroviralta.com\/wp-content\/uploads\/2021\/11\/sabadell_display.jpg)\"><\/div>\n\t\t<\/a>\n\t<\/div>\n\t<\/div>\n<\/article>\n<article class=\"qodef-e swiper-slide qodef-item--full post-1572 portfolio-item type-portfolio-item status-publish has-post-thumbnail hentry portfolio-tag-projectes\">\n\t<div class=\"qodef-e-inner\">\n\t\t<div class=\"qodef-e-content\">\n\t\t\t<div class=\"qodef-e-content-inner\">\n\t\t\t\t<div class=\"qodef-e-info-top\">\n\t\t\t\t\t\t\t\t\t\t<div class=\"qodef-e-info-author\">\n\tby \tAdmin-iroviralta<\/div>\n\t\t\t\t<\/div>\n\t\t\t\t<h1 itemprop=\"name\" class=\"qodef-e-title entry-title\" style=\"text-transform: none\">\n\t<a itemprop=\"url\" class=\"qodef-e-title-link\" href=\"https:\/\/isabelroviralta.com\/ca\/portfolio-item\/ibiza\">\n\t\tFinca eivissenca\t<\/a>\n<\/h1>\n\t\t\t<\/div>\n\t\t<\/div>\n\t\t\t<div class=\"qodef-e-media-image\">\n\t\t<a itemprop=\"url\" href=\"https:\/\/isabelroviralta.com\/ca\/portfolio-item\/ibiza\">\n\t\t\t<div class=\"qodef-e-media-background\" style=\"background-image: url(https:\/\/isabelroviralta.com\/wp-content\/uploads\/2020\/12\/ibiza-display2.jpg)\"><\/div>\n\t\t<\/a>\n\t<\/div>\n\t<\/div>\n<\/article>\n\t<\/div>\n\t\t<div class=\"swiper-button-prev \"><svg  xmlns=\"http:\/\/www.w3.org\/2000\/svg\" xmlns:xlink=\"http:\/\/www.w3.org\/1999\/xlink\" x=\"0px\" y=\"0px\" width=\"27.67px\" height=\"38.13px\" viewBox=\"0 0 27.67 38.13\" xml:space=\"preserve\"><g><line fill=\"none\" stroke=\"#E1E1E1\" stroke-linecap=\"round\" stroke-linejoin=\"round\" stroke-miterlimit=\"10\" x1=\"27.05\" y1=\"27.08\" x2=\"19.05\" y2=\"19.08\"\/><line fill=\"none\" stroke=\"#E1E1E1\" stroke-linecap=\"round\" stroke-linejoin=\"round\" stroke-miterlimit=\"10\" x1=\"27.05\" y1=\"11.08\" x2=\"19.05\" y2=\"19.08\"\/><\/g><g><line fill=\"none\" stroke=\"currentColor\" stroke-linecap=\"round\" stroke-linejoin=\"round\" stroke-miterlimit=\"10\" x1=\"0.62\" y1=\"0.58\" x2=\"19.12\" y2=\"19.08\"\/><line fill=\"none\" stroke=\"currentColor\" stroke-linecap=\"round\" stroke-linejoin=\"round\" stroke-miterlimit=\"10\" x1=\"0.62\" y1=\"37.58\" x2=\"19.12\" y2=\"19.08\"\/><\/g><\/svg><\/div>\n\t<div class=\"swiper-button-next \"><svg  xmlns=\"http:\/\/www.w3.org\/2000\/svg\" xmlns:xlink=\"http:\/\/www.w3.org\/1999\/xlink\" x=\"0px\" y=\"0px\" width=\"27.67px\" height=\"38.13px\" viewBox=\"0 0 27.67 38.13\" xml:space=\"preserve\"><g><line fill=\"none\" stroke=\"#E1E1E1\" stroke-linecap=\"round\" stroke-linejoin=\"round\" stroke-miterlimit=\"10\" x1=\"27.05\" y1=\"27.08\" x2=\"19.05\" y2=\"19.08\"\/><line fill=\"none\" stroke=\"#E1E1E1\" stroke-linecap=\"round\" stroke-linejoin=\"round\" stroke-miterlimit=\"10\" x1=\"27.05\" y1=\"11.08\" x2=\"19.05\" y2=\"19.08\"\/><\/g><g><line fill=\"none\" stroke=\"currentColor\" stroke-linecap=\"round\" stroke-linejoin=\"round\" stroke-miterlimit=\"10\" x1=\"0.62\" y1=\"0.58\" x2=\"19.12\" y2=\"19.08\"\/><line fill=\"none\" stroke=\"currentColor\" stroke-linecap=\"round\" stroke-linejoin=\"round\" stroke-miterlimit=\"10\" x1=\"0.62\" y1=\"37.58\" x2=\"19.12\" y2=\"19.08\"\/><\/g><\/svg><\/div>\n\t<\/div>\n\t\t<\/div>\n\t\t\t\t<\/div>\n\t\t\t\t\t\t<\/div>\n\t\t\t\t\t<\/div>\n\t\t<\/div>\n\t\t\t\t\t\t\t\t<\/div>\n\t\t\t\t\t<\/div>\n\t\t<\/section>\n\t\t\t\t\t\t\t\t\t<\/div>\n\t\t\t<\/div>\n\t\t\t\t\t<\/div>\n\t\t","protected":false},"excerpt":{"rendered":"<p>by Admin-iroviralta Casc antic Barcelona by Admin-iroviralta Rehabilitaci\u00f3 de masia by Admin-iroviralta Casa de pescadors centen\u00e0ria by Admin-iroviralta Loft urb\u00e0 by Admin-iroviralta Finca eivissenca<\/p>\n","protected":false},"author":1,"featured_media":0,"parent":0,"menu_order":0,"comment_status":"closed","ping_status":"closed","template":"page-full-width.php","meta":{"footnotes":""},"class_list":["post-4358","page","type-page","status-publish","hentry"],"_links":{"self":[{"href":"https:\/\/isabelroviralta.com\/ca\/wp-json\/wp\/v2\/pages\/4358","targetHints":{"allow":["GET"]}}],"collection":[{"href":"https:\/\/isabelroviralta.com\/ca\/wp-json\/wp\/v2\/pages"}],"about":[{"href":"https:\/\/isabelroviralta.com\/ca\/wp-json\/wp\/v2\/types\/page"}],"author":[{"embeddable":true,"href":"https:\/\/isabelroviralta.com\/ca\/wp-json\/wp\/v2\/users\/1"}],"replies":[{"embeddable":true,"href":"https:\/\/isabelroviralta.com\/ca\/wp-json\/wp\/v2\/comments?post=4358"}],"version-history":[{"count":45,"href":"https:\/\/isabelroviralta.com\/ca\/wp-json\/wp\/v2\/pages\/4358\/revisions"}],"predecessor-version":[{"id":8641,"href":"https:\/\/isabelroviralta.com\/ca\/wp-json\/wp\/v2\/pages\/4358\/revisions\/8641"}],"wp:attachment":[{"href":"https:\/\/isabelroviralta.com\/ca\/wp-json\/wp\/v2\/media?parent=4358"}],"curies":[{"name":"wp","href":"https:\/\/api.w.org\/{rel}","templated":true}]}}